{"id":87,"date":"2019-10-02T15:30:37","date_gmt":"2019-10-02T15:30:37","guid":{"rendered":"http:\/\/neonprod.com\/?page_id=87"},"modified":"2019-10-11T21:08:16","modified_gmt":"2019-10-11T18:08:16","slug":"produse-indoor","status":"publish","type":"page","link":"https:\/\/neonprod.com\/en\/produse\/produse-indoor\/","title":{"rendered":"Indoor products"},"content":{"rendered":"\r\n<p style=\"text-align: center;\">\u00a0<\/p>\r\n\r\n<p>&nbsp;<\/p>\r\n\r\n<p><a href=\"http:\/\/neonprod.com\/produse\/produse-indoor\/sigle-si-diverse-inscrisuri-din-neon-modelat\/\">Sigle \u015fi diverse \u00eenscrisuri din neon modelat<\/a><\/p>\r\n<p><a href=\"http:\/\/neonprod.com\/produse\/produse-indoor\/amenajari-de-interior-atat-luminoase-cat-si-neluminate\/\">Amenaj\u0103ri de interior at\u00e2t luminoase c\u00e2t \u015fi neluminate<\/a><\/p>\r\n<p><a href=\"http:\/\/neonprod.com\/produse\/produse-indoor\/printuri-digitale-luminoase-sau-neluminoase\/\">Printuri digitale luminoase sau neluminoase<\/a><\/p>","protected":false},"excerpt":{"rendered":"<p>\u00a0 &nbsp; Sigle \u015fi diverse \u00eenscrisuri din neon modelat Amenaj\u0103ri de interior at\u00e2t luminoase c\u00e2t \u015fi neluminate Printuri digitale luminoase sau neluminoase<\/p>\n","protected":false},"author":1,"featured_media":0,"parent":33,"menu_order":0,"comment_status":"closed","ping_status":"closed","template":"","meta":{"footnotes":""},"class_list":["post-87","page","type-page","status-publish","hentry"],"featured_image_src":null,"featured_image_src_square":null,"_links":{"self":[{"href":"https:\/\/neonprod.com\/en\/wp-json\/wp\/v2\/pages\/87","targetHints":{"allow":["GET"]}}],"collection":[{"href":"https:\/\/neonprod.com\/en\/wp-json\/wp\/v2\/pages"}],"about":[{"href":"https:\/\/neonprod.com\/en\/wp-json\/wp\/v2\/types\/page"}],"author":[{"embeddable":true,"href":"https:\/\/neonprod.com\/en\/wp-json\/wp\/v2\/users\/1"}],"replies":[{"embeddable":true,"href":"https:\/\/neonprod.com\/en\/wp-json\/wp\/v2\/comments?post=87"}],"version-history":[{"count":4,"href":"https:\/\/neonprod.com\/en\/wp-json\/wp\/v2\/pages\/87\/revisions"}],"predecessor-version":[{"id":1035,"href":"https:\/\/neonprod.com\/en\/wp-json\/wp\/v2\/pages\/87\/revisions\/1035"}],"up":[{"embeddable":true,"href":"https:\/\/neonprod.com\/en\/wp-json\/wp\/v2\/pages\/33"}],"wp:attachment":[{"href":"https:\/\/neonprod.com\/en\/wp-json\/wp\/v2\/media?parent=87"}],"curies":[{"name":"wp","href":"https:\/\/api.w.org\/{rel}","templated":true}]}}